{"id":15,"date":"2021-11-21T15:14:41","date_gmt":"2021-11-21T15:14:41","guid":{"rendered":"https:\/\/seraph.no\/index.php\/services\/"},"modified":"2023-02-06T23:49:11","modified_gmt":"2023-02-06T22:49:11","slug":"services","status":"publish","type":"page","link":"https:\/\/seraph.no\/index.php\/services\/","title":{"rendered":"Services"},"content":{"rendered":"\t\t<div data-elementor-type=\"wp-page\" data-elementor-id=\"15\" class=\"elementor elementor-15\">\n\t\t\t\t\t\t\t\t\t<section class=\"elementor-section elementor-top-section elementor-element elementor-element-6f57d69 elementor-section-height-min-height elementor-section-boxed elementor-section-height-default elementor-section-items-middle\" data-id=\"6f57d69\" data-element_type=\"section\" data-settings=\"{&quot;background_background&quot;:&quot;classic&quot;}\">\n\t\t\t\t\t\t<div class=\"elementor-container elementor-column-gap-default\">\n\t\t\t\t\t<div class=\"elementor-column elementor-col-100 elementor-top-column elementor-element elementor-element-47228c7\" data-id=\"47228c7\" data-element_type=\"column\">\n\t\t\t<div class=\"elementor-widget-wrap elementor-element-populated\">\n\t\t\t\t\t\t\t\t<div class=\"elementor-element elementor-element-745baeb elementor-widget elementor-widget-heading\" data-id=\"745baeb\" data-element_type=\"widget\" data-widget_type=\"heading.default\">\n\t\t\t\t<div class=\"elementor-widget-container\">\n\t\t\t<style>\/*! elementor - v3.10.2 - 29-01-2023 *\/\n.elementor-heading-title{padding:0;margin:0;line-height:1}.elementor-widget-heading .elementor-heading-title[class*=elementor-size-]>a{color:inherit;font-size:inherit;line-height:inherit}.elementor-widget-heading .elementor-heading-title.elementor-size-small{font-size:15px}.elementor-widget-heading .elementor-heading-title.elementor-size-medium{font-size:19px}.elementor-widget-heading .elementor-heading-title.elementor-size-large{font-size:29px}.elementor-widget-heading .elementor-heading-title.elementor-size-xl{font-size:39px}.elementor-widget-heading .elementor-heading-title.elementor-size-xxl{font-size:59px}<\/style><h1 class=\"elementor-heading-title elementor-size-default\">Tjenester<\/h1>\t\t<\/div>\n\t\t\t\t<\/div>\n\t\t\t\t\t<\/div>\n\t\t<\/div>\n\t\t\t\t\t\t\t<\/div>\n\t\t<\/section>\n\t\t\t\t<section class=\"elementor-section elementor-top-section elementor-element elementor-element-e4a9896 elementor-section-boxed elementor-section-height-default elementor-section-height-default\" data-id=\"e4a9896\" data-element_type=\"section\">\n\t\t\t\t\t\t<div class=\"elementor-container elementor-column-gap-wide\">\n\t\t\t\t\t<div class=\"elementor-column elementor-col-33 elementor-top-column elementor-element elementor-element-ba70c5e\" data-id=\"ba70c5e\" data-element_type=\"column\">\n\t\t\t<div class=\"elementor-widget-wrap elementor-element-populated\">\n\t\t\t\t\t\t\t\t<div class=\"elementor-element elementor-element-c431d93 elementor-widget elementor-widget-image\" data-id=\"c431d93\" data-element_type=\"widget\" data-widget_type=\"image.default\">\n\t\t\t\t<div class=\"elementor-widget-container\">\n\t\t\t<style>\/*! elementor - v3.10.2 - 29-01-2023 *\/\n.elementor-widget-image{text-align:center}.elementor-widget-image a{display:inline-block}.elementor-widget-image a img[src$=\".svg\"]{width:48px}.elementor-widget-image img{vertical-align:middle;display:inline-block}<\/style>\t\t\t\t\t\t\t\t\t\t\t\t\t<a href=\"https:\/\/seraph.no\/index.php\/hjemmesykepleie\/\">\n\t\t\t\t\t\t\t<img loading=\"lazy\" decoding=\"async\" width=\"1920\" height=\"1280\" src=\"https:\/\/seraph.no\/wp-content\/uploads\/2023\/02\/pexels-kampus-production-7551634.jpg\" class=\"elementor-animation-shrink attachment-full size-full wp-image-1833\" alt=\"\" srcset=\"https:\/\/seraph.no\/wp-content\/uploads\/2023\/02\/pexels-kampus-production-7551634.jpg 1920w, https:\/\/seraph.no\/wp-content\/uploads\/2023\/02\/pexels-kampus-production-7551634-300x200.jpg 300w, https:\/\/seraph.no\/wp-content\/uploads\/2023\/02\/pexels-kampus-production-7551634-1024x683.jpg 1024w, https:\/\/seraph.no\/wp-content\/uploads\/2023\/02\/pexels-kampus-production-7551634-768x512.jpg 768w, https:\/\/seraph.no\/wp-content\/uploads\/2023\/02\/pexels-kampus-production-7551634-1536x1024.jpg 1536w\" sizes=\"auto, (max-width: 1920px) 100vw, 1920px\" \/>\t\t\t\t\t\t\t\t<\/a>\n\t\t\t\t\t\t\t\t\t\t\t\t\t\t\t<\/div>\n\t\t\t\t<\/div>\n\t\t\t\t<div class=\"elementor-element elementor-element-b62d6b9 elementor-widget elementor-widget-heading\" data-id=\"b62d6b9\" data-element_type=\"widget\" data-widget_type=\"heading.default\">\n\t\t\t\t<div class=\"elementor-widget-container\">\n\t\t\t<h4 class=\"elementor-heading-title elementor-size-default\">Hjemmesykepleie<\/h4>\t\t<\/div>\n\t\t\t\t<\/div>\n\t\t\t\t<div class=\"elementor-element elementor-element-83baf5e elementor-widget elementor-widget-text-editor\" data-id=\"83baf5e\" data-element_type=\"widget\" data-widget_type=\"text-editor.default\">\n\t\t\t\t<div class=\"elementor-widget-container\">\n\t\t\t<style>\/*! elementor - v3.10.2 - 29-01-2023 *\/\n.elementor-widget-text-editor.elementor-drop-cap-view-stacked .elementor-drop-cap{background-color:#818a91;color:#fff}.elementor-widget-text-editor.elementor-drop-cap-view-framed .elementor-drop-cap{color:#818a91;border:3px solid;background-color:transparent}.elementor-widget-text-editor:not(.elementor-drop-cap-view-default) .elementor-drop-cap{margin-top:8px}.elementor-widget-text-editor:not(.elementor-drop-cap-view-default) .elementor-drop-cap-letter{width:1em;height:1em}.elementor-widget-text-editor .elementor-drop-cap{float:left;text-align:center;line-height:1;font-size:50px}.elementor-widget-text-editor .elementor-drop-cap-letter{display:inline-block}<\/style>\t\t\t\t<p><span style=\"font-weight: 400;\">Vi bist\u00e5r deg og dine med helserelaterte utfordringer i hjemmet.<\/span><\/p>\t\t\t\t\t\t<\/div>\n\t\t\t\t<\/div>\n\t\t\t\t\t<\/div>\n\t\t<\/div>\n\t\t\t\t<div class=\"elementor-column elementor-col-33 elementor-top-column elementor-element elementor-element-2b0e8a3\" data-id=\"2b0e8a3\" data-element_type=\"column\">\n\t\t\t<div class=\"elementor-widget-wrap elementor-element-populated\">\n\t\t\t\t\t\t\t\t<div class=\"elementor-element elementor-element-792369a elementor-widget elementor-widget-image\" data-id=\"792369a\" data-element_type=\"widget\" data-widget_type=\"image.default\">\n\t\t\t\t<div class=\"elementor-widget-container\">\n\t\t\t\t\t\t\t\t\t\t\t\t\t\t\t\t<a href=\"https:\/\/seraph.no\/index.php\/helseagent\/\">\n\t\t\t\t\t\t\t<img loading=\"lazy\" decoding=\"async\" width=\"1280\" height=\"857\" src=\"https:\/\/seraph.no\/wp-content\/uploads\/2023\/02\/pexels-judit-peter-1766604.jpg\" class=\"elementor-animation-shrink attachment-full size-full wp-image-1834\" alt=\"\" srcset=\"https:\/\/seraph.no\/wp-content\/uploads\/2023\/02\/pexels-judit-peter-1766604.jpg 1280w, https:\/\/seraph.no\/wp-content\/uploads\/2023\/02\/pexels-judit-peter-1766604-300x201.jpg 300w, https:\/\/seraph.no\/wp-content\/uploads\/2023\/02\/pexels-judit-peter-1766604-1024x686.jpg 1024w, https:\/\/seraph.no\/wp-content\/uploads\/2023\/02\/pexels-judit-peter-1766604-768x514.jpg 768w\" sizes=\"auto, (max-width: 1280px) 100vw, 1280px\" \/>\t\t\t\t\t\t\t\t<\/a>\n\t\t\t\t\t\t\t\t\t\t\t\t\t\t\t<\/div>\n\t\t\t\t<\/div>\n\t\t\t\t<div class=\"elementor-element elementor-element-1160ce8 elementor-widget elementor-widget-heading\" data-id=\"1160ce8\" data-element_type=\"widget\" data-widget_type=\"heading.default\">\n\t\t\t\t<div class=\"elementor-widget-container\">\n\t\t\t<h4 class=\"elementor-heading-title elementor-size-default\">Helseagent<\/h4>\t\t<\/div>\n\t\t\t\t<\/div>\n\t\t\t\t<div class=\"elementor-element elementor-element-1a49cce elementor-widget elementor-widget-text-editor\" data-id=\"1a49cce\" data-element_type=\"widget\" data-widget_type=\"text-editor.default\">\n\t\t\t\t<div class=\"elementor-widget-container\">\n\t\t\t\t\t\t\t<p>Vi hjelper deg med de t\u00f8ffe samtalene og s\u00f8rger for at du og dine kj\u00e6re f\u00e5r den pleie og omsorg dere har krav p\u00e5!<\/p>\t\t\t\t\t\t<\/div>\n\t\t\t\t<\/div>\n\t\t\t\t\t<\/div>\n\t\t<\/div>\n\t\t\t\t<div class=\"elementor-column elementor-col-33 elementor-top-column elementor-element elementor-element-d4cd19b\" data-id=\"d4cd19b\" data-element_type=\"column\">\n\t\t\t<div class=\"elementor-widget-wrap elementor-element-populated\">\n\t\t\t\t\t\t\t\t<div class=\"elementor-element elementor-element-004a5b9 elementor-widget elementor-widget-image\" data-id=\"004a5b9\" data-element_type=\"widget\" data-widget_type=\"image.default\">\n\t\t\t\t<div class=\"elementor-widget-container\">\n\t\t\t\t\t\t\t\t\t\t\t\t\t\t\t\t<a href=\"https:\/\/seraph.no\/index.php\/annet\/\">\n\t\t\t\t\t\t\t<img loading=\"lazy\" decoding=\"async\" width=\"1920\" height=\"1280\" src=\"https:\/\/seraph.no\/wp-content\/uploads\/2023\/02\/pexels-karolina-grabowska-4021775.jpg\" class=\"elementor-animation-shrink attachment-full size-full wp-image-1835\" alt=\"\" srcset=\"https:\/\/seraph.no\/wp-content\/uploads\/2023\/02\/pexels-karolina-grabowska-4021775.jpg 1920w, https:\/\/seraph.no\/wp-content\/uploads\/2023\/02\/pexels-karolina-grabowska-4021775-300x200.jpg 300w, https:\/\/seraph.no\/wp-content\/uploads\/2023\/02\/pexels-karolina-grabowska-4021775-1024x683.jpg 1024w, https:\/\/seraph.no\/wp-content\/uploads\/2023\/02\/pexels-karolina-grabowska-4021775-768x512.jpg 768w, https:\/\/seraph.no\/wp-content\/uploads\/2023\/02\/pexels-karolina-grabowska-4021775-1536x1024.jpg 1536w\" sizes=\"auto, (max-width: 1920px) 100vw, 1920px\" \/>\t\t\t\t\t\t\t\t<\/a>\n\t\t\t\t\t\t\t\t\t\t\t\t\t\t\t<\/div>\n\t\t\t\t<\/div>\n\t\t\t\t<div class=\"elementor-element elementor-element-98e04c9 elementor-widget elementor-widget-heading\" data-id=\"98e04c9\" data-element_type=\"widget\" data-widget_type=\"heading.default\">\n\t\t\t\t<div class=\"elementor-widget-container\">\n\t\t\t<h4 class=\"elementor-heading-title elementor-size-default\">Annet<\/h4>\t\t<\/div>\n\t\t\t\t<\/div>\n\t\t\t\t<div class=\"elementor-element elementor-element-86c8c23 elementor-widget elementor-widget-text-editor\" data-id=\"86c8c23\" data-element_type=\"widget\" data-widget_type=\"text-editor.default\">\n\t\t\t\t<div class=\"elementor-widget-container\">\n\t\t\t\t\t\t\t<p><span style=\"font-weight: 400;\">Vi hjelper deg med hva enn det m\u00e5tte v\u00e6re innenfor helsespekteret.\u00a0<\/span><\/p>\t\t\t\t\t\t<\/div>\n\t\t\t\t<\/div>\n\t\t\t\t\t<\/div>\n\t\t<\/div>\n\t\t\t\t\t\t\t<\/div>\n\t\t<\/section>\n\t\t\t\t\t\t\t<\/div>\n\t\t","protected":false},"excerpt":{"rendered":"<p>Tjenester Hjemmesykepleie Vi bist\u00e5r deg og dine med helserelaterte utfordringer i hjemmet. Helseagent Vi hjelper deg med de t\u00f8ffe samtalene og s\u00f8rger for at du og dine kj\u00e6re f\u00e5r den pleie og omsorg dere har krav p\u00e5! Annet Vi hjelper deg med hva enn det m\u00e5tte v\u00e6re innenfor helsespekteret.\u00a0<\/p>\n","protected":false},"author":1,"featured_media":0,"parent":0,"menu_order":0,"comment_status":"closed","ping_status":"closed","template":"","meta":{"site-sidebar-layout":"no-sidebar","site-content-layout":"page-builder","ast-global-header-display":"","ast-main-header-display":"","ast-hfb-above-header-display":"","ast-hfb-below-header-display":"","ast-hfb-mobile-header-display":"","site-post-title":"disabled","ast-breadcrumbs-content":"","ast-featured-img":"disabled","footer-sml-layout":"","theme-transparent-header-meta":"enabled","adv-header-id-meta":"","stick-header-meta":"","header-above-stick-meta":"","header-main-stick-meta":"","header-below-stick-meta":"","footnotes":""},"class_list":["post-15","page","type-page","status-publish","hentry"],"_links":{"self":[{"href":"https:\/\/seraph.no\/index.php\/wp-json\/wp\/v2\/pages\/15","targetHints":{"allow":["GET"]}}],"collection":[{"href":"https:\/\/seraph.no\/index.php\/wp-json\/wp\/v2\/pages"}],"about":[{"href":"https:\/\/seraph.no\/index.php\/wp-json\/wp\/v2\/types\/page"}],"author":[{"embeddable":true,"href":"https:\/\/seraph.no\/index.php\/wp-json\/wp\/v2\/users\/1"}],"replies":[{"embeddable":true,"href":"https:\/\/seraph.no\/index.php\/wp-json\/wp\/v2\/comments?post=15"}],"version-history":[{"count":7,"href":"https:\/\/seraph.no\/index.php\/wp-json\/wp\/v2\/pages\/15\/revisions"}],"predecessor-version":[{"id":1899,"href":"https:\/\/seraph.no\/index.php\/wp-json\/wp\/v2\/pages\/15\/revisions\/1899"}],"wp:attachment":[{"href":"https:\/\/seraph.no\/index.php\/wp-json\/wp\/v2\/media?parent=15"}],"curies":[{"name":"wp","href":"https:\/\/api.w.org\/{rel}","templated":true}]}}